{"id":17044,"date":"2014-06-04T00:35:50","date_gmt":"2014-06-03T22:35:50","guid":{"rendered":"https:\/\/dev.ledux.fr\/newsroom\/"},"modified":"2022-11-24T14:22:43","modified_gmt":"2022-11-24T13:22:43","slug":"newsroom","status":"publish","type":"page","link":"https:\/\/www.ledux.fr\/en\/newsroom\/","title":{"rendered":"Newsroom"},"content":{"rendered":"<p>[spb_blank_spacer height=&#8221;30px&#8221; width=&#8221;1\/1&#8243; el_position=&#8221;first last&#8221;] [spb_row element_name=&#8221;Row&#8221; wrap_type=&#8221;standard-width&#8221; row_bg_type=&#8221;color&#8221; color_row_height=&#8221;content-height&#8221; bg_type=&#8221;cover&#8221; parallax_image_height=&#8221;content-height&#8221; parallax_image_movement=&#8221;fixed&#8221; parallax_image_speed=&#8221;standard&#8221; bg_video_loop=&#8221;yes&#8221; parallax_video_height=&#8221;window-height&#8221; row_top_style=&#8221;none&#8221; row_bottom_style=&#8221;none&#8221; parallax_video_overlay=&#8221;none&#8221; row_overlay_opacity=&#8221;0&#8243; remove_element_spacing=&#8221;no&#8221; row_col_spacing=&#8221;0&#8243; row_col_pos=&#8221;default&#8221; row_col_equal_heights=&#8221;no&#8221; row_expanding=&#8221;no&#8221; row_animation=&#8221;none&#8221; row_animation_delay=&#8221;0&#8243; minimize_row=&#8221;no&#8221; simplified_controls=&#8221;yes&#8221; custom_css_percentage=&#8221;no&#8221; custom_css=&#8221;margin-top: 0px;margin-bottom: 0px;&#8221; border_styling_global=&#8221;default&#8221; width=&#8221;1\/1&#8243; el_position=&#8221;first last&#8221;] [spb_blog blog_type=&#8221;masonry&#8221; gutters=&#8221;yes&#8221; columns=&#8221;4&#8243; fullwidth=&#8221;no&#8221; item_count=&#8221;12&#8243; category=&#8221;All&#8221; offset=&#8221;0&#8243; order_by=&#8221;date&#8221; order=&#8221;DESC&#8221; show_title=&#8221;yes&#8221; show_excerpt=&#8221;no&#8221; show_details=&#8221;yes&#8221; excerpt_length=&#8221;18&#8243; content_output=&#8221;excerpt&#8221; show_read_more=&#8221;no&#8221; social_integration=&#8221;no&#8221; twitter_username=&#8221;swiftideas&#8221; blog_filter=&#8221;no&#8221; pagination=&#8221;infinite-scroll&#8221; alt_styling=&#8221;no&#8221; width=&#8221;1\/1&#8243; el_position=&#8221;first last&#8221;] [\/spb_row]<\/p>\n","protected":false},"excerpt":{"rendered":"<p>[spb_blank_spacer height=&#8221;30px&#8221; width=&#8221;1\/1&#8243; el_position=&#8221;first last&#8221;] [spb_row element_name=&#8221;Row&#8221; wrap_type=&#8221;standard-width&#8221; row_bg_type=&#8221;color&#8221; color_row_height=&#8221;content-height&#8221; bg_type=&#8221;cover&#8221; parallax_image_height=&#8221;content-height&#8221; parallax_image_movement=&#8221;fixed&#8221; parallax_image_speed=&#8221;standard&#8221; bg_video_loop=&#8221;yes&#8221; parallax_video_height=&#8221;window-height&#8221; row_top_style=&#8221;none&#8221; row_bottom_style=&#8221;none&#8221; parallax_video_overlay=&#8221;none&#8221; row_overlay_opacity=&#8221;0&#8243; remove_element_spacing=&#8221;no&#8221; row_col_spacing=&#8221;0&#8243; row_col_pos=&#8221;default&#8221; row_col_equal_heights=&#8221;no&#8221; row_expanding=&#8221;no&#8221; row_animation=&#8221;none&#8221; row_animation_delay=&#8221;0&#8243; minimize_row=&#8221;no&#8221; simplified_controls=&#8221;yes&#8221; custom_css_percentage=&#8221;no&#8221; custom_css=&#8221;margin-top: 0px;margin-bottom: 0px;&#8221; border_styling_global=&#8221;default&#8221; width=&#8221;1\/1&#8243; el_position=&#8221;first last&#8221;] [spb_blog blog_type=&#8221;masonry&#8221; gutters=&#8221;yes&#8221; columns=&#8221;4&#8243; fullwidth=&#8221;no&#8221; item_count=&#8221;12&#8243; category=&#8221;All&#8221; offset=&#8221;0&#8243; order_by=&#8221;date&#8221; order=&#8221;DESC&#8221; show_title=&#8221;yes&#8221; show_excerpt=&#8221;no&#8221; show_details=&#8221;yes&#8221; excerpt_length=&#8221;18&#8243; content_output=&#8221;excerpt&#8221; show_read_more=&#8221;no&#8221; social_integration=&#8221;no&#8221; twitter_username=&#8221;swiftideas&#8221; blog_filter=&#8221;no&#8221; pagination=&#8221;infinite-scroll&#8221; alt_styling=&#8221;no&#8221; width=&#8221;1\/1&#8243; el_position=&#8221;first [&hellip;]<\/p>\n","protected":false},"author":1,"featured_media":22682,"parent":0,"menu_order":2,"comment_status":"closed","ping_status":"closed","template":"","meta":{"inline_featured_image":false,"footnotes":""},"acf":[],"yoast_head":"<!-- This site is optimized with the Yoast SEO Premium plugin v15.0 - https:\/\/yoast.com\/wordpress\/plugins\/seo\/ -->\n<title>Newsroom - Ledux Lumi\u00e8re<\/title>\n<meta name=\"description\" content=\"Retrouvez toute l&#039;actualit\u00e9 de LeDux Lumi\u00e8re, rubans led, profil\u00e9s, syst\u00e8mes de pilotage pour rubans LED et technophilosophie. Bienvenue chez des sp\u00e9cialistes.\" \/>\n<meta name=\"robots\" content=\"index, follow, max-snippet:-1, max-image-preview:large, max-video-preview:-1\" \/>\n<link rel=\"canonical\" href=\"https:\/\/www.ledux.fr\/en\/newsroom\/\" \/>\n<meta property=\"og:locale\" content=\"en_US\" \/>\n<meta property=\"og:type\" content=\"article\" \/>\n<meta property=\"og:title\" content=\"Newsroom - Ledux Lumi\u00e8re\" \/>\n<meta property=\"og:description\" content=\"Retrouvez toute l&#039;actualit\u00e9 de LeDux Lumi\u00e8re, rubans led, profil\u00e9s, syst\u00e8mes de pilotage pour rubans LED et technophilosophie. Bienvenue chez des sp\u00e9cialistes.\" \/>\n<meta property=\"og:url\" content=\"https:\/\/www.ledux.fr\/en\/newsroom\/\" \/>\n<meta property=\"og:site_name\" content=\"Ledux Lumi\u00e8re\" \/>\n<meta property=\"article:modified_time\" content=\"2022-11-24T13:22:43+00:00\" \/>\n<meta name=\"twitter:card\" content=\"summary_large_image\" \/>\n<meta name=\"twitter:image\" content=\"https:\/\/www.ledux.fr\/wp-content\/uploads\/2016\/04\/ledux_inspiration-2022-3.webp\" \/>\n<script type=\"application\/ld+json\" class=\"yoast-schema-graph\">{\"@context\":\"https:\/\/schema.org\",\"@graph\":[{\"@type\":\"Organization\",\"@id\":\"https:\/\/www.ledux.fr\/en\/#organization\",\"name\":\"LeDUX Lumi\\u00e8re\",\"url\":\"https:\/\/www.ledux.fr\/en\/\",\"sameAs\":[],\"logo\":{\"@type\":\"ImageObject\",\"@id\":\"https:\/\/www.ledux.fr\/en\/#logo\",\"inLanguage\":\"en-US\",\"url\":\"https:\/\/www.ledux.fr\/wp-content\/uploads\/2020\/12\/logo-ledux-2020.png\",\"width\":740,\"height\":177,\"caption\":\"LeDUX Lumi\\u00e8re\"},\"image\":{\"@id\":\"https:\/\/www.ledux.fr\/en\/#logo\"}},{\"@type\":\"WebSite\",\"@id\":\"https:\/\/www.ledux.fr\/en\/#website\",\"url\":\"https:\/\/www.ledux.fr\/en\/\",\"name\":\"Ledux Lumi\\u00e8re\",\"description\":\"Lighting systems & linear lighting systems\",\"publisher\":{\"@id\":\"https:\/\/www.ledux.fr\/en\/#organization\"},\"potentialAction\":[{\"@type\":\"SearchAction\",\"target\":\"https:\/\/www.ledux.fr\/en\/?s={search_term_string}\",\"query-input\":\"required name=search_term_string\"}],\"inLanguage\":\"en-US\"},{\"@type\":\"ImageObject\",\"@id\":\"https:\/\/www.ledux.fr\/en\/newsroom\/#primaryimage\",\"inLanguage\":\"en-US\",\"url\":\"https:\/\/www.ledux.fr\/wp-content\/uploads\/2016\/04\/ledux_inspiration-2022-3.webp\"},{\"@type\":\"WebPage\",\"@id\":\"https:\/\/www.ledux.fr\/en\/newsroom\/#webpage\",\"url\":\"https:\/\/www.ledux.fr\/en\/newsroom\/\",\"name\":\"Newsroom - Ledux Lumi\\u00e8re\",\"isPartOf\":{\"@id\":\"https:\/\/www.ledux.fr\/en\/#website\"},\"primaryImageOfPage\":{\"@id\":\"https:\/\/www.ledux.fr\/en\/newsroom\/#primaryimage\"},\"datePublished\":\"2014-06-03T22:35:50+00:00\",\"dateModified\":\"2022-11-24T13:22:43+00:00\",\"description\":\"Retrouvez toute l'actualit\\u00e9 de LeDux Lumi\\u00e8re, rubans led, profil\\u00e9s, syst\\u00e8mes de pilotage pour rubans LED et technophilosophie. Bienvenue chez des sp\\u00e9cialistes.\",\"inLanguage\":\"en-US\",\"potentialAction\":[{\"@type\":\"ReadAction\",\"target\":[\"https:\/\/www.ledux.fr\/en\/newsroom\/\"]}]}]}<\/script>\n<!-- \/ Yoast SEO Premium plugin. -->","_links":{"self":[{"href":"https:\/\/www.ledux.fr\/en\/wp-json\/wp\/v2\/pages\/17044"}],"collection":[{"href":"https:\/\/www.ledux.fr\/en\/wp-json\/wp\/v2\/pages"}],"about":[{"href":"https:\/\/www.ledux.fr\/en\/wp-json\/wp\/v2\/types\/page"}],"author":[{"embeddable":true,"href":"https:\/\/www.ledux.fr\/en\/wp-json\/wp\/v2\/users\/1"}],"replies":[{"embeddable":true,"href":"https:\/\/www.ledux.fr\/en\/wp-json\/wp\/v2\/comments?post=17044"}],"version-history":[{"count":3,"href":"https:\/\/www.ledux.fr\/en\/wp-json\/wp\/v2\/pages\/17044\/revisions"}],"predecessor-version":[{"id":22987,"href":"https:\/\/www.ledux.fr\/en\/wp-json\/wp\/v2\/pages\/17044\/revisions\/22987"}],"wp:featuredmedia":[{"embeddable":true,"href":"https:\/\/www.ledux.fr\/en\/wp-json\/wp\/v2\/media\/22682"}],"wp:attachment":[{"href":"https:\/\/www.ledux.fr\/en\/wp-json\/wp\/v2\/media?parent=17044"}],"curies":[{"name":"wp","href":"https:\/\/api.w.org\/{rel}","templated":true}]}}