{"id":17019,"date":"2014-12-04T15:42:52","date_gmt":"2014-12-04T14:42:52","guid":{"rendered":"https:\/\/dev.ledux.fr\/qui-sommes-nous\/"},"modified":"2024-01-09T15:47:53","modified_gmt":"2024-01-09T14:47:53","slug":"who-are-we","status":"publish","type":"page","link":"https:\/\/www.ledux.fr\/en\/who-are-we\/","title":{"rendered":"Who are we ?"},"content":{"rendered":"<p>[spb_row element_name=&#8221;Row&#8221; wrap_type=&#8221;standard-width&#8221; row_bg_type=&#8221;color&#8221; color_row_height=&#8221;content-height&#8221; bg_type=&#8221;cover&#8221; parallax_image_height=&#8221;content-height&#8221; parallax_image_movement=&#8221;fixed&#8221; parallax_image_speed=&#8221;standard&#8221; bg_video_loop=&#8221;yes&#8221; parallax_video_height=&#8221;window-height&#8221; row_top_style=&#8221;none&#8221; row_bottom_style=&#8221;none&#8221; parallax_video_overlay=&#8221;none&#8221; row_overlay_opacity=&#8221;0&#8243; remove_element_spacing=&#8221;no&#8221; row_col_spacing=&#8221;0&#8243; row_col_pos=&#8221;default&#8221; row_col_equal_heights=&#8221;no&#8221; row_expanding=&#8221;no&#8221; row_animation=&#8221;none&#8221; row_animation_delay=&#8221;0&#8243; minimize_row=&#8221;no&#8221; simplified_controls=&#8221;yes&#8221; custom_css_percentage=&#8221;no&#8221; custom_css=&#8221;margin-top: 0px;margin-bottom: 0px;&#8221; border_styling_global=&#8221;default&#8221; width=&#8221;1\/1&#8243; el_position=&#8221;first last&#8221;] [spb_text_block animation=&#8221;none&#8221; animation_delay=&#8221;0&#8243; simplified_controls=&#8221;yes&#8221; custom_css_percentage=&#8221;no&#8221; padding_vertical=&#8221;0&#8243; padding_horizontal=&#8221;0&#8243; margin_vertical=&#8221;0&#8243; custom_css=&#8221;margin-top: 0px;margin-bottom: 0px;&#8221; border_size=&#8221;0&#8243; border_styling_global=&#8221;default&#8221; width=&#8221;1\/1&#8243; el_position=&#8221;first last&#8221;]<\/p>\n<blockquote><p>Our early enthusiasm for the infinite possibilities offered by linear lighting systems allows us today to offer you a very wide selection of latest generation solutions.<\/p>\n<p>Adaptable, discreet and integrable, the lines of light reinforce an architectural edge, create contrasts, sculpt the space and can be usefully used for general lighting tasks. A modern lighting approach that the most knowledgeable lighting designers, architects and designers, know how to use to create new atmospheres.<\/p>\n<p><strong>Supplying exclusively linear lighting systems for more than 10 years. <\/strong><strong>Our philosophy has always been to serve creativity with a large selection of hi-quality and latest generation products.\u00a0<\/strong><\/p><\/blockquote>\n<blockquote class=\"blockquote3\"><strong>Welcome to LeDux Lumi\u00e8re, choice, passion and experience. <\/strong><strong>Specialists in quality linear lighting since 2010.<\/strong><\/blockquote>\n<p>[\/spb_text_block] [\/spb_row] [spb_row element_name=&#8221;Blog&#8221; wrap_type=&#8221;full-width-contained&#8221; row_bg_type=&#8221;color&#8221; row_bg_color=&#8221;#f7f7f7&#8243; color_row_height=&#8221;content-height&#8221; bg_type=&#8221;cover&#8221; parallax_image_height=&#8221;content-height&#8221; parallax_image_movement=&#8221;fixed&#8221; parallax_image_speed=&#8221;standard&#8221; bg_video_loop=&#8221;yes&#8221; parallax_video_height=&#8221;window-height&#8221; row_top_style=&#8221;none&#8221; row_bottom_style=&#8221;none&#8221; parallax_video_overlay=&#8221;none&#8221; row_overlay_opacity=&#8221;0&#8243; remove_element_spacing=&#8221;no&#8221; row_col_spacing=&#8221;0&#8243; row_col_pos=&#8221;default&#8221; row_col_equal_heights=&#8221;no&#8221; row_expanding=&#8221;no&#8221; row_animation=&#8221;none&#8221; row_animation_delay=&#8221;0&#8243; minimize_row=&#8221;no&#8221; simplified_controls=&#8221;yes&#8221; custom_css_percentage=&#8221;no&#8221; custom_css=&#8221;margin-top: 0px;margin-bottom: 0px;&#8221; border_styling_global=&#8221;default&#8221; width=&#8221;1\/1&#8243; el_position=&#8221;first last&#8221;] [spb_blank_spacer height=&#8221;30px&#8221; width=&#8221;1\/1&#8243; el_position=&#8221;first last&#8221;] [spb_text_block animation=&#8221;none&#8221; animation_delay=&#8221;0&#8243; simplified_controls=&#8221;yes&#8221; custom_css_percentage=&#8221;no&#8221; padding_vertical=&#8221;0&#8243; padding_horizontal=&#8221;0&#8243; margin_vertical=&#8221;0&#8243; custom_css=&#8221;margin-top: 0px;margin-bottom: 0px;&#8221; border_size=&#8221;0&#8243; border_styling_global=&#8221;default&#8221; width=&#8221;1\/1&#8243; el_position=&#8221;first last&#8221;]<\/p>\n<h4 style=\"text-align: center;\">To offer you the best of tomorrow\u2019s lighting solution, a dream team at your service<\/h4>\n<p>[\/spb_text_block] [spb_team element_name=&#8221;TEAM&#8221; display_type=&#8221;standard&#8221; carousel=&#8221;no&#8221; item_columns=&#8221;5&#8243; item_count=&#8221;6&#8243; category=&#8221;All&#8221; profile_link=&#8221;no&#8221; pagination=&#8221;no&#8221; fullwidth=&#8221;yes&#8221; gutters=&#8221;no&#8221; order_by=&#8221;date&#8221; order=&#8221;DESC&#8221; width=&#8221;1\/1&#8243; el_position=&#8221;first last&#8221;] [spb_blank_spacer height=&#8221;30px&#8221; width=&#8221;1\/1&#8243; el_position=&#8221;first last&#8221;] [\/spb_row] [spb_row element_name=&#8221;Row&#8221; wrap_type=&#8221;standard-width&#8221; row_bg_type=&#8221;color&#8221; color_row_height=&#8221;content-height&#8221; bg_type=&#8221;cover&#8221; parallax_image_height=&#8221;content-height&#8221; parallax_image_movement=&#8221;fixed&#8221; parallax_image_speed=&#8221;standard&#8221; bg_video_loop=&#8221;yes&#8221; parallax_video_height=&#8221;window-height&#8221; row_top_style=&#8221;none&#8221; row_bottom_style=&#8221;none&#8221; parallax_video_overlay=&#8221;none&#8221; row_overlay_opacity=&#8221;0&#8243; remove_element_spacing=&#8221;no&#8221; row_col_spacing=&#8221;0&#8243; row_col_pos=&#8221;default&#8221; row_col_equal_heights=&#8221;no&#8221; row_expanding=&#8221;no&#8221; row_animation=&#8221;none&#8221; row_animation_delay=&#8221;0&#8243; minimize_row=&#8221;no&#8221; simplified_controls=&#8221;yes&#8221; custom_css_percentage=&#8221;no&#8221; custom_css=&#8221;margin-top: 0px;margin-bottom: 0px;&#8221; border_styling_global=&#8221;default&#8221; width=&#8221;1\/1&#8243; el_position=&#8221;first last&#8221;] [spb_blank_spacer height=&#8221;20px&#8221; width=&#8221;1\/1&#8243; el_position=&#8221;first last&#8221;] [spb_text_block animation=&#8221;none&#8221; animation_delay=&#8221;0&#8243; simplified_controls=&#8221;yes&#8221; custom_css_percentage=&#8221;no&#8221; padding_vertical=&#8221;0&#8243; padding_horizontal=&#8221;0&#8243; margin_vertical=&#8221;0&#8243; custom_css=&#8221;margin-top: 0px;margin-bottom: 0px;border-top: 0px default ;border-left: 0px default ;border-right: 0px default ;border-bottom: 0px default ;padding-top: 0px;padding-left: 0px;padding-right: 0px;padding-bottom: 0px;&#8221; border_size=&#8221;0&#8243; border_styling_global=&#8221;default&#8221; width=&#8221;1\/4&#8243; el_position=&#8221;first&#8221;]<\/p>\n<p class=\"impact-text\" style=\"text-align: center;\">LeDUX Lumi\u00e8re<br \/>\n<strong>DEEE PRO member <\/strong><\/p>\n<p>[\/spb_text_block] [spb_text_block animation=&#8221;none&#8221; animation_delay=&#8221;0&#8243; simplified_controls=&#8221;yes&#8221; custom_css_percentage=&#8221;no&#8221; padding_vertical=&#8221;0&#8243; padding_horizontal=&#8221;0&#8243; margin_vertical=&#8221;0&#8243; custom_css=&#8221;margin-top: 0px;margin-bottom: 0px;border-top: 0px default ;border-left: 0px default ;border-right: 0px default ;border-bottom: 0px default ;padding-top: 0px;padding-left: 0px;padding-right: 0px;padding-bottom: 0px;&#8221; border_size=&#8221;0&#8243; border_styling_global=&#8221;default&#8221; width=&#8221;1\/4&#8243;]<\/p>\n<p class=\"impact-text\" style=\"text-align: center;\">LeDUX Lumi\u00e8re<br \/>\n<strong>AFE member<\/strong><\/p>\n<p>[\/spb_text_block] [spb_text_block animation=&#8221;none&#8221; animation_delay=&#8221;0&#8243; simplified_controls=&#8221;yes&#8221; custom_css_percentage=&#8221;no&#8221; padding_vertical=&#8221;0&#8243; padding_horizontal=&#8221;0&#8243; margin_vertical=&#8221;0&#8243; custom_css=&#8221;margin-top: 0px;margin-bottom: 0px;border-top: 0px default ;border-left: 0px default ;border-right: 0px default ;border-bottom: 0px default ;padding-top: 0px;padding-left: 0px;padding-right: 0px;padding-bottom: 0px;&#8221; border_size=&#8221;0&#8243; border_styling_global=&#8221;default&#8221; width=&#8221;1\/4&#8243;]<\/p>\n<p class=\"impact-text\" style=\"text-align: center;\">We love and<br \/>\n<strong>We support<\/strong><\/p>\n<p>[\/spb_text_block] [spb_text_block animation=&#8221;none&#8221; animation_delay=&#8221;0&#8243; simplified_controls=&#8221;yes&#8221; custom_css_percentage=&#8221;no&#8221; padding_vertical=&#8221;0&#8243; padding_horizontal=&#8221;0&#8243; margin_vertical=&#8221;0&#8243; custom_css=&#8221;margin-top: 0px;margin-bottom: 0px;&#8221; border_size=&#8221;0&#8243; border_styling_global=&#8221;default&#8221; width=&#8221;1\/4&#8243; el_position=&#8221;last&#8221;]<\/p>\n<p class=\"impact-text\" style=\"text-align: center;\">Follow our news<br \/>\n<strong>on Instagram<\/strong><\/p>\n<p>[\/spb_text_block] [spb_blank_spacer height=&#8221;20px&#8221; width=&#8221;1\/1&#8243; el_position=&#8221;first last&#8221;] [spb_image image=&#8221;15314&#8243; image_size=&#8221;full&#8221; image_width=&#8221;50&#8243; frame=&#8221;noframe&#8221; caption_pos=&#8221;hover&#8221; remove_rounded=&#8221;yes&#8221; fullwidth=&#8221;no&#8221; overflow_mode=&#8221;none&#8221; el_class=&#8221;bibinohover&#8221; image_link=&#8221;https:\/\/pro.ecosystem.eco\/&#8221; link_target=&#8221;_blank&#8221; lightbox=&#8221;no&#8221; intro_animation=&#8221;none&#8221; animation_delay=&#8221;200&#8243; width=&#8221;1\/4&#8243; el_position=&#8221;first&#8221;][\/spb_image] [spb_image image=&#8221;15313&#8243; image_size=&#8221;full&#8221; image_width=&#8221;100&#8243; frame=&#8221;noframe&#8221; caption_pos=&#8221;hover&#8221; remove_rounded=&#8221;yes&#8221; fullwidth=&#8221;no&#8221; overflow_mode=&#8221;none&#8221; el_class=&#8221;bibinohover&#8221; image_link=&#8221;http:\/\/www.afe-eclairage.fr\/&#8221; link_target=&#8221;_blank&#8221; lightbox=&#8221;no&#8221; intro_animation=&#8221;none&#8221; animation_delay=&#8221;200&#8243; width=&#8221;1\/4&#8243;][\/spb_image] [spb_image image=&#8221;16263&#8243; image_size=&#8221;full&#8221; image_width=&#8221;80&#8243; frame=&#8221;noframe&#8221; caption_pos=&#8221;hover&#8221; remove_rounded=&#8221;yes&#8221; fullwidth=&#8221;no&#8221; overflow_mode=&#8221;none&#8221; el_class=&#8221;bibinohover&#8221; image_link=&#8221;https:\/\/www.stadetoulousain.fr\/elite-1\/elite-1&#8243; link_target=&#8221;_blank&#8221; lightbox=&#8221;no&#8221; intro_animation=&#8221;none&#8221; animation_delay=&#8221;200&#8243; width=&#8221;1\/4&#8243;][\/spb_image] [spb_image image=&#8221;20042&#8243; image_size=&#8221;full&#8221; image_width=&#8221;60&#8243; frame=&#8221;noframe&#8221; caption_pos=&#8221;hover&#8221; remove_rounded=&#8221;yes&#8221; fullwidth=&#8221;no&#8221; overflow_mode=&#8221;none&#8221; el_class=&#8221;bibinohover&#8221; image_link=&#8221;https:\/\/www.instagram.com\/ledux.lumiere\/&#8221; link_target=&#8221;_blank&#8221; lightbox=&#8221;no&#8221; intro_animation=&#8221;none&#8221; animation_delay=&#8221;200&#8243; width=&#8221;1\/4&#8243; el_position=&#8221;last&#8221;][\/spb_image] [spb_raw_html width=&#8221;1\/1&#8243; el_position=&#8221;first last&#8221;]JTNDZGl2JTIwaWQlM0QlMjJtb2RhbC0xJTIyJTIwY2xhc3MlM0QlMjJtb2RhbCUyMGZhZGUlMjIlMjB0YWJpbmRleCUzRCUyMi0xJTIyJTIwcm9sZSUzRCUyMmRpYWxvZyUyMiUyMGFyaWEtbGFiZWxsZWRieSUzRCUyMkVOJTIwU0FWT0lSJTIwUExVUyUyMiUyMGFyaWEtaGlkZGVuJTNEJTIydHJ1ZSUyMiUzRSUzQ2RpdiUyMGNsYXNzJTNEJTIybW9kYWwtZGlhbG9nJTIyJTNFJTNDZGl2JTIwY2xhc3MlM0QlMjJtb2RhbC1jb250ZW50JTIyJTNFJTNDZGl2JTIwY2xhc3MlM0QlMjJtb2RhbC1oZWFkZXIlMjIlM0UlM0NidXR0b24lMjB0eXBlJTNEJTIyYnV0dG9uJTIyJTIwY2xhc3MlM0QlMjJjbG9zZSUyMiUyMGRhdGEtZGlzbWlzcyUzRCUyMm1vZGFsJTIyJTIwYXJpYS1oaWRkZW4lM0QlMjJ0cnVlJTIyJTNFJTNDaSUyMGNsYXNzJTNEJTIyc2YtaWNvbi1jbG9zZSUyMiUzRSUzQyUyRmklM0UlM0MlMkZidXR0b24lM0UlM0NoMyUyMGlkJTNEJTIybW9kYWwtbGFiZWwlMjIlM0VFTiUyMFNBVk9JUiUyMFBMVVMlM0MlMkZoMyUzRSUzQyUyRmRpdiUzRSUzQ2RpdiUyMGNsYXNzJTNEJTIybW9kYWwtYm9keSUyMiUzRSUwQUxvcmVtJTNDYnIlM0UlMEElM0MlMkZkaXYlM0UlM0MlMkZkaXYlM0UlM0MlMkZkaXYlM0UlM0MlMkZkaXYlM0U=[\/spb_raw_html] [\/spb_row]<\/p>\n","protected":false},"excerpt":{"rendered":"<p>[spb_row element_name=&#8221;Row&#8221; wrap_type=&#8221;standard-width&#8221; row_bg_type=&#8221;color&#8221; color_row_height=&#8221;content-height&#8221; bg_type=&#8221;cover&#8221; parallax_image_height=&#8221;content-height&#8221; parallax_image_movement=&#8221;fixed&#8221; parallax_image_speed=&#8221;standard&#8221; bg_video_loop=&#8221;yes&#8221; parallax_video_height=&#8221;window-height&#8221; row_top_style=&#8221;none&#8221; row_bottom_style=&#8221;none&#8221; parallax_video_overlay=&#8221;none&#8221; row_overlay_opacity=&#8221;0&#8243; remove_element_spacing=&#8221;no&#8221; row_col_spacing=&#8221;0&#8243; row_col_pos=&#8221;default&#8221; row_col_equal_heights=&#8221;no&#8221; row_expanding=&#8221;no&#8221; row_animation=&#8221;none&#8221; row_animation_delay=&#8221;0&#8243; minimize_row=&#8221;no&#8221; simplified_controls=&#8221;yes&#8221; custom_css_percentage=&#8221;no&#8221; custom_css=&#8221;margin-top: 0px;margin-bottom: 0px;&#8221; border_styling_global=&#8221;default&#8221; width=&#8221;1\/1&#8243; el_position=&#8221;first last&#8221;] [spb_text_block animation=&#8221;none&#8221; animation_delay=&#8221;0&#8243; simplified_controls=&#8221;yes&#8221; custom_css_percentage=&#8221;no&#8221; padding_vertical=&#8221;0&#8243; padding_horizontal=&#8221;0&#8243; margin_vertical=&#8221;0&#8243; custom_css=&#8221;margin-top: 0px;margin-bottom: 0px;&#8221; border_size=&#8221;0&#8243; border_styling_global=&#8221;default&#8221; width=&#8221;1\/1&#8243; el_position=&#8221;first last&#8221;] Our early enthusiasm for the infinite possibilities offered by linear lighting systems [&hellip;]<\/p>\n","protected":false},"author":1,"featured_media":0,"parent":0,"menu_order":6,"comment_status":"closed","ping_status":"closed","template":"","meta":{"inline_featured_image":false,"footnotes":""},"acf":[],"yoast_head":"<!-- This site is optimized with the Yoast SEO Premium plugin v15.0 - https:\/\/yoast.com\/wordpress\/plugins\/seo\/ -->\n<title>Who are we ? - Ledux Lumi\u00e8re<\/title>\n<meta name=\"description\" content=\"Nous sommes sp\u00e9cialis\u00e9s dans les solutions d\u2019\u00e9clairage lin\u00e9aire basse consommation pour les applications industrielles ou d\u00e9coratives.\" \/>\n<meta name=\"robots\" content=\"index, follow, max-snippet:-1, max-image-preview:large, max-video-preview:-1\" \/>\n<link rel=\"canonical\" href=\"https:\/\/www.ledux.fr\/en\/who-are-we\/\" \/>\n<meta property=\"og:locale\" content=\"en_US\" \/>\n<meta property=\"og:type\" content=\"article\" \/>\n<meta property=\"og:title\" content=\"Who are we ? - Ledux Lumi\u00e8re\" \/>\n<meta property=\"og:description\" content=\"Nous sommes sp\u00e9cialis\u00e9s dans les solutions d\u2019\u00e9clairage lin\u00e9aire basse consommation pour les applications industrielles ou d\u00e9coratives.\" \/>\n<meta property=\"og:url\" content=\"https:\/\/www.ledux.fr\/en\/who-are-we\/\" \/>\n<meta property=\"og:site_name\" content=\"Ledux Lumi\u00e8re\" \/>\n<meta property=\"article:modified_time\" content=\"2024-01-09T14:47:53+00:00\" \/>\n<meta name=\"twitter:card\" content=\"summary_large_image\" \/>\n<script type=\"application\/ld+json\" class=\"yoast-schema-graph\">{\"@context\":\"https:\/\/schema.org\",\"@graph\":[{\"@type\":\"Organization\",\"@id\":\"https:\/\/www.ledux.fr\/en\/#organization\",\"name\":\"LeDUX Lumi\\u00e8re\",\"url\":\"https:\/\/www.ledux.fr\/en\/\",\"sameAs\":[],\"logo\":{\"@type\":\"ImageObject\",\"@id\":\"https:\/\/www.ledux.fr\/en\/#logo\",\"inLanguage\":\"en-US\",\"url\":\"https:\/\/www.ledux.fr\/wp-content\/uploads\/2020\/12\/logo-ledux-2020.png\",\"width\":740,\"height\":177,\"caption\":\"LeDUX Lumi\\u00e8re\"},\"image\":{\"@id\":\"https:\/\/www.ledux.fr\/en\/#logo\"}},{\"@type\":\"WebSite\",\"@id\":\"https:\/\/www.ledux.fr\/en\/#website\",\"url\":\"https:\/\/www.ledux.fr\/en\/\",\"name\":\"Ledux Lumi\\u00e8re\",\"description\":\"Lighting systems & linear lighting systems\",\"publisher\":{\"@id\":\"https:\/\/www.ledux.fr\/en\/#organization\"},\"potentialAction\":[{\"@type\":\"SearchAction\",\"target\":\"https:\/\/www.ledux.fr\/en\/?s={search_term_string}\",\"query-input\":\"required name=search_term_string\"}],\"inLanguage\":\"en-US\"},{\"@type\":\"WebPage\",\"@id\":\"https:\/\/www.ledux.fr\/en\/who-are-we\/#webpage\",\"url\":\"https:\/\/www.ledux.fr\/en\/who-are-we\/\",\"name\":\"Who are we ? - Ledux Lumi\\u00e8re\",\"isPartOf\":{\"@id\":\"https:\/\/www.ledux.fr\/en\/#website\"},\"datePublished\":\"2014-12-04T14:42:52+00:00\",\"dateModified\":\"2024-01-09T14:47:53+00:00\",\"description\":\"Nous sommes sp\\u00e9cialis\\u00e9s dans les solutions d\\u2019\\u00e9clairage lin\\u00e9aire basse consommation pour les applications industrielles ou d\\u00e9coratives.\",\"inLanguage\":\"en-US\",\"potentialAction\":[{\"@type\":\"ReadAction\",\"target\":[\"https:\/\/www.ledux.fr\/en\/who-are-we\/\"]}]}]}<\/script>\n<!-- \/ Yoast SEO Premium plugin. -->","_links":{"self":[{"href":"https:\/\/www.ledux.fr\/en\/wp-json\/wp\/v2\/pages\/17019"}],"collection":[{"href":"https:\/\/www.ledux.fr\/en\/wp-json\/wp\/v2\/pages"}],"about":[{"href":"https:\/\/www.ledux.fr\/en\/wp-json\/wp\/v2\/types\/page"}],"author":[{"embeddable":true,"href":"https:\/\/www.ledux.fr\/en\/wp-json\/wp\/v2\/users\/1"}],"replies":[{"embeddable":true,"href":"https:\/\/www.ledux.fr\/en\/wp-json\/wp\/v2\/comments?post=17019"}],"version-history":[{"count":17,"href":"https:\/\/www.ledux.fr\/en\/wp-json\/wp\/v2\/pages\/17019\/revisions"}],"predecessor-version":[{"id":23516,"href":"https:\/\/www.ledux.fr\/en\/wp-json\/wp\/v2\/pages\/17019\/revisions\/23516"}],"wp:attachment":[{"href":"https:\/\/www.ledux.fr\/en\/wp-json\/wp\/v2\/media?parent=17019"}],"curies":[{"name":"wp","href":"https:\/\/api.w.org\/{rel}","templated":true}]}}